{"id":33,"date":"2016-12-14T08:49:59","date_gmt":"2016-12-14T08:49:59","guid":{"rendered":"http:\/\/threbank.com\/wordpress\/?page_id=33"},"modified":"2017-04-16T12:31:27","modified_gmt":"2017-04-16T12:31:27","slug":"die-edelholzgriffe","status":"publish","type":"page","link":"http:\/\/threbank.com\/wordpress\/?page_id=33","title":{"rendered":"Die Edelholzgriffe"},"content":{"rendered":"<p><center><a href=\"https:\/\/threbank.com\/wordpress\/?page_id=59\"><img loading=\"lazy\" decoding=\"async\" src=\"\/wordpress\/images\/Buttons-NEU\/Design.jpg\" width=\"90\" height=\"52\" \/><\/a> <a href=\"https:\/\/threbank.com\/wordpress\/?page_id=61\"><img loading=\"lazy\" decoding=\"async\" src=\"\/wordpress\/images\/Buttons-NEU\/Material.jpg\" width=\"108\" height=\"52\" \/> <\/a> <a href=\"https:\/\/threbank.com\/wordpress\/?page_id=63\"><img loading=\"lazy\" decoding=\"async\" src=\"\/wordpress\/images\/Buttons-NEU\/Oberfl\u00e4che.jpg\" width=\"129\" height=\"52\" \/> <\/a> <a href=\"https:\/\/threbank.com\/wordpress\/?page_id=65\"><img decoding=\"async\" src=\"\/wordpress\/images\/Buttons-NEU\/Modelle.jpg\" height=\"2\" \/> <\/a><\/center>&nbsp;<\/p>\n<p><span style=\"color: #000000;\">Der patentierte Threbank Edelholzgriff rundet den <strong>Bullet No.7<\/strong> ab und erm\u00f6glicht zus\u00e4tzlich:<\/span><\/p>\n<ul>\n<li><span style=\"color: #000000;\">Bessere Ballansprache<\/span><\/li>\n<li><span style=\"color: #000000;\">Genauere Richtungskontrolle<\/span><\/li>\n<li><span style=\"color: #000000;\">F\u00fchlbare L\u00e4ngenkontrolle<\/span><\/li>\n<li><span style=\"color: #000000;\">Einzigartige Haptik<\/span><\/li>\n<\/ul>\n<p><span style=\"color: #000000;\">unter Einbeziehung Ihres Tastsinns f\u00fcr jeden Putt.<\/span><br \/>\n<img loading=\"lazy\" decoding=\"async\" class=\"size-full wp-image-268 aligncenter\" src=\"https:\/\/threbank.com\/wordpress\/wp-content\/uploads\/2016\/12\/Edelholzgriffe.jpg\" alt=\"\" width=\"758\" height=\"515\" srcset=\"http:\/\/threbank.com\/wordpress\/wp-content\/uploads\/2016\/12\/Edelholzgriffe.jpg 758w, http:\/\/threbank.com\/wordpress\/wp-content\/uploads\/2016\/12\/Edelholzgriffe-300x204.jpg 300w\" sizes=\"auto, (max-width: 758px) 100vw, 758px\" \/><\/p>\n<p><span style=\"color: #000000;\">Aus der Vielzahl von Holzarten haben wir f\u00fcnf ausgew\u00e4hlt, die den speziellen Anforderungen an einen Puttergriff gerecht werden. Alle geh\u00f6ren zu den hochwertigsten H\u00f6lzern ihrer Region und bieten vergleichbare Eigenschaften, lassen Sie also Ihren Geschmack entscheiden.<\/span><\/p>\n<p><span style=\"color: #000000;\">Zwei Griffst\u00e4rken-Modelle wurden von uns produziert:<\/span><\/p>\n<p><span style=\"color: #000000;\">Die <strong><em>Classic-Line<\/em><\/strong> ist von der Griffst\u00e4rke vergleichbar mit den Standard Puttergriffen, die es auf dem Markt gibt.<\/span><\/p>\n<p><span style=\"color: #000000;\">Die <strong><em>Modern-Line<\/em><\/strong> wurde entwickelt um dem Trend zu st\u00e4rken Griffen gerecht zu werden. Der Umfang des Modern-Line Griffes ist\u00a0 im Vergleich zu dem Classic-Line Griff um ca. 20% gr\u00f6\u00dfer<\/span><\/p>\n<p><span style=\"color: #000000;\">.<\/span><\/p>\n<div style=\"text-align: center;\"><span style=\"color: #000000;\">Unsere Produktion findet ausschlie\u00dflich in Deutschland statt<\/span><\/div>\n<div style=\"text-align: center;\"><span style=\"color: #000000;\">Made in Germany<\/span><\/div>\n","protected":false},"excerpt":{"rendered":"<p>&nbsp; Der patentierte Threbank Edelholzgriff rundet den Bullet No.7 ab und erm\u00f6glicht zus\u00e4tzlich: Bessere Ballansprache Genauere Richtungskontrolle F\u00fchlbare L\u00e4ngenkontrolle Einzigartige<\/p>\n","protected":false},"author":1,"featured_media":0,"parent":0,"menu_order":0,"comment_status":"closed","ping_status":"closed","template":"","meta":{"footnotes":""},"class_list":["post-33","page","type-page","status-publish","hentry"],"_links":{"self":[{"href":"http:\/\/threbank.com\/wordpress\/index.php?rest_route=\/wp\/v2\/pages\/33","targetHints":{"allow":["GET"]}}],"collection":[{"href":"http:\/\/threbank.com\/wordpress\/index.php?rest_route=\/wp\/v2\/pages"}],"about":[{"href":"http:\/\/threbank.com\/wordpress\/index.php?rest_route=\/wp\/v2\/types\/page"}],"author":[{"embeddable":true,"href":"http:\/\/threbank.com\/wordpress\/index.php?rest_route=\/wp\/v2\/users\/1"}],"replies":[{"embeddable":true,"href":"http:\/\/threbank.com\/wordpress\/index.php?rest_route=%2Fwp%2Fv2%2Fcomments&post=33"}],"version-history":[{"count":17,"href":"http:\/\/threbank.com\/wordpress\/index.php?rest_route=\/wp\/v2\/pages\/33\/revisions"}],"predecessor-version":[{"id":559,"href":"http:\/\/threbank.com\/wordpress\/index.php?rest_route=\/wp\/v2\/pages\/33\/revisions\/559"}],"wp:attachment":[{"href":"http:\/\/threbank.com\/wordpress\/index.php?rest_route=%2Fwp%2Fv2%2Fmedia&parent=33"}],"curies":[{"name":"wp","href":"https:\/\/api.w.org\/{rel}","templated":true}]}}